{"id":555,"date":"2025-02-03T20:37:16","date_gmt":"2025-02-03T19:37:16","guid":{"rendered":"https:\/\/dobrewrece.pl\/?post_type=product&#038;p=555"},"modified":"2025-02-04T08:31:42","modified_gmt":"2025-02-04T07:31:42","slug":"plakat-dola-czerwony-pattern","status":"publish","type":"product","link":"https:\/\/dobrewrece.pl\/index.php\/produkt\/plakat-dola-czerwony-pattern\/","title":{"rendered":"Plakat &#8222;Dola&#8221; \u2013 czerwony pattern"},"content":{"rendered":"<p>Geometryczne wzory kolekcji <strong>Dola<\/strong> to wi\u0119cej ni\u017c estetyczna dekoracja \u2013 to przypomnienie, \u017ce <strong>Tw\u00f3j los jest w Twoich r\u0119kach<\/strong>. W s\u0142owia\u0144skiej kulturze Dola by\u0142a symbolem opieki i przeznaczenia. <strong>Nic jednak nie jest ustalone na zawsze, a swoj\u0105 Dol\u0119 mo\u017cna by\u0142o zmieni\u0107. <\/strong>Ka\u017cdy dzie\u0144 to nowa szansa na zmian\u0119, odkrywanie i budowanie \u017cycia zgodnie z w\u0142asnymi wyborami. Nawet je\u015bli wydaje si\u0119, \u017ce wszystko jest przes\u0105dzone, mo\u017cemy zmieni\u0107 sw\u00f3j los. Czasem potrzeba do tego odwagi, czasem akceptacji \u2013 ale zawsze mamy wp\u0142yw na to, jak\u0105 \u015bcie\u017ck\u0119 wybierzemy. Plakaty z kolekcji &#8222;Dola&#8221; to ho\u0142d dla tej idei \u2013 przypomnienie o sile, kt\u00f3ra pozwala\u0142a kszta\u0142towa\u0107 w\u0142asn\u0105 \u015bcie\u017ck\u0119<\/p>\n<p><strong>Pod\u0105\u017caj \u015bcie\u017ck\u0105, kt\u00f3r\u0105 wybra\u0142a\u015b Ty, a nie przypadek.<\/strong><\/p>\n<p>Plakat jest drukowany w lokalnej, rodzinnej drukarni ju\u017c po Twoim zam\u00f3wieniu. Dzi\u0119ki temu masz pewno\u015b\u0107, \u017ce praca, kt\u00f3r\u0105 otrzymasz, b\u0119dzie jeszcze pachnie\u0107 drukiem \ud83d\ude42<\/p>\n<p>Plakat sprzedawany jest bez ramki.<\/p>\n<p>Technika druku: Plakaty w rozmiarze Ma\u0142y i \u015aredni: druk laserowy, papier kredowy 170 g. Plakaty w rozmiarze Du\u017cym: druk na matowym papierze powlekanym o wymiarach 50\u00d770 cm i gramaturze 180 g.<\/p>\n<p><img loading=\"lazy\" decoding=\"async\" class=\"aligncenter wp-image-526 size-full\" src=\"https:\/\/dobrewrece.pl\/wp-content\/uploads\/2025\/02\/Logo_Czerwony.jpg\" alt=\"\" width=\"1021\" height=\"1021\" srcset=\"https:\/\/dobrewrece.pl\/wp-content\/uploads\/2025\/02\/Logo_Czerwony.jpg 1021w, https:\/\/dobrewrece.pl\/wp-content\/uploads\/2025\/02\/Logo_Czerwony-300x300.jpg 300w, https:\/\/dobrewrece.pl\/wp-content\/uploads\/2025\/02\/Logo_Czerwony-150x150.jpg 150w, https:\/\/dobrewrece.pl\/wp-content\/uploads\/2025\/02\/Logo_Czerwony-768x768.jpg 768w, https:\/\/dobrewrece.pl\/wp-content\/uploads\/2025\/02\/Logo_Czerwony-920x920.jpg 920w, https:\/\/dobrewrece.pl\/wp-content\/uploads\/2025\/02\/Logo_Czerwony-575x575.jpg 575w, https:\/\/dobrewrece.pl\/wp-content\/uploads\/2025\/02\/Logo_Czerwony-380x380.jpg 380w, https:\/\/dobrewrece.pl\/wp-content\/uploads\/2025\/02\/Logo_Czerwony-420x420.jpg 420w, https:\/\/dobrewrece.pl\/wp-content\/uploads\/2025\/02\/Logo_Czerwony-800x800.jpg 800w, https:\/\/dobrewrece.pl\/wp-content\/uploads\/2025\/02\/Logo_Czerwony-100x100.jpg 100w\" sizes=\"auto, (max-width: 1021px) 100vw, 1021px\" \/><\/p>\n<p>&nbsp;<\/p>\n<p><img loading=\"lazy\" decoding=\"async\" class=\"aligncenter wp-image-528 size-full\" src=\"https:\/\/dobrewrece.pl\/wp-content\/uploads\/2025\/02\/Logo_Czerwony3.jpg\" alt=\"\" width=\"1021\" height=\"1021\" srcset=\"https:\/\/dobrewrece.pl\/wp-content\/uploads\/2025\/02\/Logo_Czerwony3.jpg 1021w, https:\/\/dobrewrece.pl\/wp-content\/uploads\/2025\/02\/Logo_Czerwony3-300x300.jpg 300w, https:\/\/dobrewrece.pl\/wp-content\/uploads\/2025\/02\/Logo_Czerwony3-150x150.jpg 150w, https:\/\/dobrewrece.pl\/wp-content\/uploads\/2025\/02\/Logo_Czerwony3-768x768.jpg 768w, https:\/\/dobrewrece.pl\/wp-content\/uploads\/2025\/02\/Logo_Czerwony3-920x920.jpg 920w, https:\/\/dobrewrece.pl\/wp-content\/uploads\/2025\/02\/Logo_Czerwony3-575x575.jpg 575w, https:\/\/dobrewrece.pl\/wp-content\/uploads\/2025\/02\/Logo_Czerwony3-380x380.jpg 380w, https:\/\/dobrewrece.pl\/wp-content\/uploads\/2025\/02\/Logo_Czerwony3-420x420.jpg 420w, https:\/\/dobrewrece.pl\/wp-content\/uploads\/2025\/02\/Logo_Czerwony3-800x800.jpg 800w, https:\/\/dobrewrece.pl\/wp-content\/uploads\/2025\/02\/Logo_Czerwony3-100x100.jpg 100w\" sizes=\"auto, (max-width: 1021px) 100vw, 1021px\" \/><\/p>\n","protected":false},"excerpt":{"rendered":"<p>Geometryczne wzory kolekcji Dola to wi\u0119cej ni\u017c estetyczna dekoracja \u2013 to przypomnienie, \u017ce Tw\u00f3j los jest w Twoich r\u0119kach. W s\u0142owia\u0144skiej kulturze Dola by\u0142a symbolem opieki i przeznaczenia. Nic jednak [&hellip;]<\/p>\n","protected":false},"featured_media":527,"template":"","meta":[],"product_brand":[],"product_cat":[107,127,21],"product_tag":[25,129,128,34,113,122,126,38,33,27,124,116,37,118,125,53,120,31,112,51,109,108,110,117,36,35,52,32,56,115,114,111,121,119],"class_list":{"0":"post-555","1":"product","2":"type-product","3":"status-publish","4":"has-post-thumbnail","6":"product_cat-dola-2","7":"product_cat-plakaty-wszystkie-produkty","8":"product_cat-wszystkie-produkty","9":"product_tag-autorska-grafika","10":"product_tag-bialo-czerwony","11":"product_tag-czerwony-plakat","12":"product_tag-dekoracja-wnetrz","13":"product_tag-dekoracje-scienne","14":"product_tag-elegancka-dekoracja","15":"product_tag-energia-i-harmonia","16":"product_tag-grafika-artystyczna","17":"product_tag-grafika-motywacyjna","18":"product_tag-grafika-typograficzna","19":"product_tag-grafiki-geometryczne","20":"product_tag-harmonia-i-design","21":"product_tag-ilustracja-autorska","22":"product_tag-inspirujace-wnetrza","23":"product_tag-kobieca-sila","24":"product_tag-kreatywne-grafiki","25":"product_tag-los-i-przeznaczenie","26":"product_tag-minimalistyczny-design","27":"product_tag-minimalizm","28":"product_tag-plakat","29":"product_tag-plakat-ludowy","30":"product_tag-plakat-slowianski","31":"product_tag-plakaty-geometryczne","32":"product_tag-plakaty-z-przeslaniem","33":"product_tag-polska-grafika","34":"product_tag-polski-design","35":"product_tag-polski-plakat","36":"product_tag-prezent-z-przeslaniem","37":"product_tag-produkty-dla-domu","38":"product_tag-slowianska-symbolika","39":"product_tag-sztuka-inspirowana-tradycja","40":"product_tag-sztuka-nowoczesna","41":"product_tag-sztuka-wspolczesna","42":"product_tag-unikalne-grafiki","44":"first","45":"instock","46":"taxable","47":"shipping-taxable","48":"purchasable","49":"product-type-variable"},"jetpack_sharing_enabled":true,"_links":{"self":[{"href":"https:\/\/dobrewrece.pl\/index.php\/wp-json\/wp\/v2\/product\/555","targetHints":{"allow":["GET"]}}],"collection":[{"href":"https:\/\/dobrewrece.pl\/index.php\/wp-json\/wp\/v2\/product"}],"about":[{"href":"https:\/\/dobrewrece.pl\/index.php\/wp-json\/wp\/v2\/types\/product"}],"wp:featuredmedia":[{"embeddable":true,"href":"https:\/\/dobrewrece.pl\/index.php\/wp-json\/wp\/v2\/media\/527"}],"wp:attachment":[{"href":"https:\/\/dobrewrece.pl\/index.php\/wp-json\/wp\/v2\/media?parent=555"}],"wp:term":[{"taxonomy":"product_brand","embeddable":true,"href":"https:\/\/dobrewrece.pl\/index.php\/wp-json\/wp\/v2\/product_brand?post=555"},{"taxonomy":"product_cat","embeddable":true,"href":"https:\/\/dobrewrece.pl\/index.php\/wp-json\/wp\/v2\/product_cat?post=555"},{"taxonomy":"product_tag","embeddable":true,"href":"https:\/\/dobrewrece.pl\/index.php\/wp-json\/wp\/v2\/product_tag?post=555"}],"curies":[{"name":"wp","href":"https:\/\/api.w.org\/{rel}","templated":true}]}}