{"id":51,"date":"2024-08-31T19:46:18","date_gmt":"2024-08-31T17:46:18","guid":{"rendered":"https:\/\/serwer1869331.home.pl\/autoinstalator\/wordpresswoocommerce\/?post_type=product&#038;p=51"},"modified":"2024-09-12T12:58:16","modified_gmt":"2024-09-12T10:58:16","slug":"siostrzenstwo-grafika-21x1480-cm","status":"publish","type":"product","link":"https:\/\/dobrewrece.pl\/index.php\/produkt\/siostrzenstwo-grafika-21x1480-cm\/","title":{"rendered":"\u201eSiostrze\u0144stwo\u201d \u2013 grafika 21\u00d714,80 cm"},"content":{"rendered":"<h4 dir=\"auto\">Grafika \u201eSiostrze\u0144stwo\u201d to wyraz wsparcia, solidarno\u015bci i wsp\u00f3lnoty \u2013 przypomnienie o tym, co naprawd\u0119 liczy si\u0119 w \u017cyciu. To nie tylko s\u0142owa, ale postawa, kt\u00f3ra objawia si\u0119 w codziennych, czasem niedostrzegalnych gestach. Wspieranie si\u0119 nawzajem i dzia\u0142anie rami\u0119 w rami\u0119 to si\u0142a, kt\u00f3ra nap\u0119dza i dodaje odwagi. Umie\u015b\u0107 t\u0119 grafik\u0119 w widocznym miejscu, aby codziennie przypomina\u0142a Ci o Twojej mocy i tym, \u017ce nigdy nie jeste\u015b sama. Mo\u017cesz r\u00f3wnie\u017c podarowa\u0107 j\u0105 bliskiej kobiecie, by wyrazi\u0107 swoj\u0105 solidarno\u015b\u0107 i wsparcie.<\/h4>\n<p><img loading=\"lazy\" decoding=\"async\" class=\"aligncenter wp-image-53 size-full\" src=\"http:\/\/serwer1869331.home.pl\/autoinstalator\/wordpresswoocommerce\/wp-content\/uploads\/2024\/08\/Siostrzenstwo-grafika.jpg\" alt=\"\" width=\"1022\" height=\"1022\" srcset=\"https:\/\/dobrewrece.pl\/wp-content\/uploads\/2024\/08\/Siostrzenstwo-grafika.jpg 1022w, https:\/\/dobrewrece.pl\/wp-content\/uploads\/2024\/08\/Siostrzenstwo-grafika-420x420.jpg 420w, https:\/\/dobrewrece.pl\/wp-content\/uploads\/2024\/08\/Siostrzenstwo-grafika-100x100.jpg 100w, https:\/\/dobrewrece.pl\/wp-content\/uploads\/2024\/08\/Siostrzenstwo-grafika-800x800.jpg 800w, https:\/\/dobrewrece.pl\/wp-content\/uploads\/2024\/08\/Siostrzenstwo-grafika-300x300.jpg 300w, https:\/\/dobrewrece.pl\/wp-content\/uploads\/2024\/08\/Siostrzenstwo-grafika-150x150.jpg 150w, https:\/\/dobrewrece.pl\/wp-content\/uploads\/2024\/08\/Siostrzenstwo-grafika-768x768.jpg 768w, https:\/\/dobrewrece.pl\/wp-content\/uploads\/2024\/08\/Siostrzenstwo-grafika-920x920.jpg 920w, https:\/\/dobrewrece.pl\/wp-content\/uploads\/2024\/08\/Siostrzenstwo-grafika-575x575.jpg 575w, https:\/\/dobrewrece.pl\/wp-content\/uploads\/2024\/08\/Siostrzenstwo-grafika-380x380.jpg 380w\" sizes=\"auto, (max-width: 1022px) 100vw, 1022px\" \/><\/p>\n<p dir=\"auto\">Grafika o wymiarach A5 (21 x 14,80 cm). Druk jest uszlachetniony foli\u0105 Soft Skin, dzi\u0119ki czemu grafika jest aksamitna i niezwykle mi\u0142a w dotyku. Sprzedawana w zestawie z eleganck\u0105 czarn\u0105 kopert\u0105.<\/p>\n<p dir=\"auto\"><img loading=\"lazy\" decoding=\"async\" class=\"aligncenter wp-image-54 size-full\" title=\"B\u0142ogo\u015b\u0107 - wymiary grafiki\" src=\"http:\/\/serwer1869331.home.pl\/autoinstalator\/wordpresswoocommerce\/wp-content\/uploads\/2024\/08\/Siostrzenstwo-grafika-wymiary.jpg\" alt=\"\" width=\"1022\" height=\"1022\" srcset=\"https:\/\/dobrewrece.pl\/wp-content\/uploads\/2024\/08\/Siostrzenstwo-grafika-wymiary.jpg 1022w, https:\/\/dobrewrece.pl\/wp-content\/uploads\/2024\/08\/Siostrzenstwo-grafika-wymiary-420x420.jpg 420w, https:\/\/dobrewrece.pl\/wp-content\/uploads\/2024\/08\/Siostrzenstwo-grafika-wymiary-100x100.jpg 100w, https:\/\/dobrewrece.pl\/wp-content\/uploads\/2024\/08\/Siostrzenstwo-grafika-wymiary-800x800.jpg 800w, https:\/\/dobrewrece.pl\/wp-content\/uploads\/2024\/08\/Siostrzenstwo-grafika-wymiary-300x300.jpg 300w, https:\/\/dobrewrece.pl\/wp-content\/uploads\/2024\/08\/Siostrzenstwo-grafika-wymiary-150x150.jpg 150w, https:\/\/dobrewrece.pl\/wp-content\/uploads\/2024\/08\/Siostrzenstwo-grafika-wymiary-768x768.jpg 768w, https:\/\/dobrewrece.pl\/wp-content\/uploads\/2024\/08\/Siostrzenstwo-grafika-wymiary-920x920.jpg 920w, https:\/\/dobrewrece.pl\/wp-content\/uploads\/2024\/08\/Siostrzenstwo-grafika-wymiary-575x575.jpg 575w, https:\/\/dobrewrece.pl\/wp-content\/uploads\/2024\/08\/Siostrzenstwo-grafika-wymiary-380x380.jpg 380w\" sizes=\"auto, (max-width: 1022px) 100vw, 1022px\" \/><\/p>\n","protected":false},"excerpt":{"rendered":"<h4 dir=\"auto\"><\/h4>\n<p dir=\"auto\">\n","protected":false},"featured_media":52,"template":"","meta":[],"product_brand":[],"product_cat":[17,18,47,21],"product_tag":[25,34,38,33,27,30,37,23,28,39,31,29,36,35,32,48,26,24],"class_list":{"0":"post-51","1":"product","2":"type-product","3":"status-publish","4":"has-post-thumbnail","6":"product_cat-grafiki-i-plakaty-dobre-slowa","7":"product_cat-grafiki-z-koperta","8":"product_cat-siostrzenstwo","9":"product_cat-wszystkie-produkty","10":"product_tag-autorska-grafika","11":"product_tag-dekoracja-wnetrz","12":"product_tag-grafika-artystyczna","13":"product_tag-grafika-motywacyjna","14":"product_tag-grafika-typograficzna","15":"product_tag-grafika-z-koperta","16":"product_tag-ilustracja-autorska","17":"product_tag-intencja","18":"product_tag-kartka-pocztowa","19":"product_tag-kreatywne-kartki","20":"product_tag-minimalistyczny-design","21":"product_tag-pocztowka","22":"product_tag-polska-grafika","23":"product_tag-polski-design","24":"product_tag-prezent-z-przeslaniem","25":"product_tag-siostrzenstwo","26":"product_tag-typografia","27":"product_tag-zyczliwosc","28":"product_shipping_class-koperta-grafika-20-x-25-cm","30":"first","31":"instock","32":"taxable","33":"shipping-taxable","34":"purchasable","35":"product-type-simple"},"jetpack_sharing_enabled":true,"_links":{"self":[{"href":"https:\/\/dobrewrece.pl\/index.php\/wp-json\/wp\/v2\/product\/51","targetHints":{"allow":["GET"]}}],"collection":[{"href":"https:\/\/dobrewrece.pl\/index.php\/wp-json\/wp\/v2\/product"}],"about":[{"href":"https:\/\/dobrewrece.pl\/index.php\/wp-json\/wp\/v2\/types\/product"}],"wp:featuredmedia":[{"embeddable":true,"href":"https:\/\/dobrewrece.pl\/index.php\/wp-json\/wp\/v2\/media\/52"}],"wp:attachment":[{"href":"https:\/\/dobrewrece.pl\/index.php\/wp-json\/wp\/v2\/media?parent=51"}],"wp:term":[{"taxonomy":"product_brand","embeddable":true,"href":"https:\/\/dobrewrece.pl\/index.php\/wp-json\/wp\/v2\/product_brand?post=51"},{"taxonomy":"product_cat","embeddable":true,"href":"https:\/\/dobrewrece.pl\/index.php\/wp-json\/wp\/v2\/product_cat?post=51"},{"taxonomy":"product_tag","embeddable":true,"href":"https:\/\/dobrewrece.pl\/index.php\/wp-json\/wp\/v2\/product_tag?post=51"}],"curies":[{"name":"wp","href":"https:\/\/api.w.org\/{rel}","templated":true}]}}