{"id":37,"date":"2024-08-31T18:43:16","date_gmt":"2024-08-31T16:43:16","guid":{"rendered":"https:\/\/serwer1869331.home.pl\/autoinstalator\/wordpresswoocommerce\/?post_type=product&#038;p=37"},"modified":"2025-01-26T14:45:09","modified_gmt":"2025-01-26T13:45:09","slug":"blogosc-grafika-21x1480-cm","status":"publish","type":"product","link":"https:\/\/dobrewrece.pl\/index.php\/produkt\/blogosc-grafika-21x1480-cm\/","title":{"rendered":"\u201eB\u0142ogo\u015b\u0107\u201d \u2013 grafika 21\u00d714,80 cm"},"content":{"rendered":"<h4 dir=\"auto\">Grafika \u201eB\u0142ogo\u015b\u0107\u201d to subtelne przypomnienie o harmonii i spokoju, kt\u00f3re s\u0105 tak istotne w naszym \u017cyciu. Jej typograficzna forma, emanuj\u0105ca \u017cyczliwo\u015bci\u0105, pomaga wprowadzi\u0107 do otoczenia atmosfer\u0119 relaksu i pozytywnej energii. Idealnie nadaje si\u0119 do stworzenia przytulnej przestrzeni, w kt\u00f3rej mo\u017cna si\u0119 zregenerowa\u0107 po pe\u0142nym stresu i napi\u0119\u0107 dniu. Umie\u015b\u0107 t\u0119 grafik\u0119 w widocznym miejscu, aby codziennie czerpa\u0107 z niej inspiracj\u0119 do odnalezienia wewn\u0119trznego spokoju lub podaruj j\u0105 bliskiej osobie, by mog\u0142a cieszy\u0107 si\u0119 chwilami b\u0142ogo\u015bci na co dzie\u0144.<\/h4>\n<p><img loading=\"lazy\" decoding=\"async\" class=\"aligncenter wp-image-43 size-full\" src=\"http:\/\/serwer1869331.home.pl\/autoinstalator\/wordpresswoocommerce\/wp-content\/uploads\/2024\/08\/Blogosc-grafika02.jpg\" alt=\"B\u0142ogo\u015b\u0107 - grafika\" width=\"1022\" height=\"1022\" srcset=\"https:\/\/dobrewrece.pl\/wp-content\/uploads\/2024\/08\/Blogosc-grafika02.jpg 1022w, https:\/\/dobrewrece.pl\/wp-content\/uploads\/2024\/08\/Blogosc-grafika02-420x420.jpg 420w, https:\/\/dobrewrece.pl\/wp-content\/uploads\/2024\/08\/Blogosc-grafika02-100x100.jpg 100w, https:\/\/dobrewrece.pl\/wp-content\/uploads\/2024\/08\/Blogosc-grafika02-800x800.jpg 800w, https:\/\/dobrewrece.pl\/wp-content\/uploads\/2024\/08\/Blogosc-grafika02-300x300.jpg 300w, https:\/\/dobrewrece.pl\/wp-content\/uploads\/2024\/08\/Blogosc-grafika02-150x150.jpg 150w, https:\/\/dobrewrece.pl\/wp-content\/uploads\/2024\/08\/Blogosc-grafika02-768x768.jpg 768w, https:\/\/dobrewrece.pl\/wp-content\/uploads\/2024\/08\/Blogosc-grafika02-920x920.jpg 920w, https:\/\/dobrewrece.pl\/wp-content\/uploads\/2024\/08\/Blogosc-grafika02-575x575.jpg 575w, https:\/\/dobrewrece.pl\/wp-content\/uploads\/2024\/08\/Blogosc-grafika02-380x380.jpg 380w\" sizes=\"auto, (max-width: 1022px) 100vw, 1022px\" \/><\/p>\n<p dir=\"auto\">Grafika o wymiarach A5 (21 x 14,80 cm). Druk jest uszlachetniony foli\u0105 Soft Skin, dzi\u0119ki czemu grafika jest aksamitna i niezwykle mi\u0142a w dotyku. Sprzedawana w zestawie z eleganck\u0105 czarn\u0105 kopert\u0105.<\/p>\n<p dir=\"auto\"><img loading=\"lazy\" decoding=\"async\" class=\"aligncenter wp-image-44 size-full\" title=\"B\u0142ogo\u015b\u0107 - wymiary grafiki\" src=\"http:\/\/serwer1869331.home.pl\/autoinstalator\/wordpresswoocommerce\/wp-content\/uploads\/2024\/08\/SZABLON_GRAFIKA-www-logo.jpg\" alt=\"B\u0142ogo\u015b\u0107 - wymiary grafiki\" width=\"1022\" height=\"1022\" srcset=\"https:\/\/dobrewrece.pl\/wp-content\/uploads\/2024\/08\/SZABLON_GRAFIKA-www-logo.jpg 1022w, https:\/\/dobrewrece.pl\/wp-content\/uploads\/2024\/08\/SZABLON_GRAFIKA-www-logo-420x420.jpg 420w, https:\/\/dobrewrece.pl\/wp-content\/uploads\/2024\/08\/SZABLON_GRAFIKA-www-logo-100x100.jpg 100w, https:\/\/dobrewrece.pl\/wp-content\/uploads\/2024\/08\/SZABLON_GRAFIKA-www-logo-800x800.jpg 800w, https:\/\/dobrewrece.pl\/wp-content\/uploads\/2024\/08\/SZABLON_GRAFIKA-www-logo-300x300.jpg 300w, https:\/\/dobrewrece.pl\/wp-content\/uploads\/2024\/08\/SZABLON_GRAFIKA-www-logo-150x150.jpg 150w, https:\/\/dobrewrece.pl\/wp-content\/uploads\/2024\/08\/SZABLON_GRAFIKA-www-logo-768x768.jpg 768w, https:\/\/dobrewrece.pl\/wp-content\/uploads\/2024\/08\/SZABLON_GRAFIKA-www-logo-920x920.jpg 920w, https:\/\/dobrewrece.pl\/wp-content\/uploads\/2024\/08\/SZABLON_GRAFIKA-www-logo-575x575.jpg 575w, https:\/\/dobrewrece.pl\/wp-content\/uploads\/2024\/08\/SZABLON_GRAFIKA-www-logo-380x380.jpg 380w\" sizes=\"auto, (max-width: 1022px) 100vw, 1022px\" \/><\/p>\n","protected":false},"excerpt":{"rendered":"<h4 dir=\"auto\"><\/h4>\n<p dir=\"auto\">\n","protected":false},"featured_media":42,"template":"","meta":[],"product_brand":[],"product_cat":[44,17,18,21],"product_tag":[25,40,34,38,33,27,30,37,23,28,39,31,29,36,35,32,26,24],"class_list":{"0":"post-37","1":"product","2":"type-product","3":"status-publish","4":"has-post-thumbnail","6":"product_cat-blogosc","7":"product_cat-grafiki-i-plakaty-dobre-slowa","8":"product_cat-grafiki-z-koperta","9":"product_cat-wszystkie-produkty","10":"product_tag-autorska-grafika","11":"product_tag-blogosc","12":"product_tag-dekoracja-wnetrz","13":"product_tag-grafika-artystyczna","14":"product_tag-grafika-motywacyjna","15":"product_tag-grafika-typograficzna","16":"product_tag-grafika-z-koperta","17":"product_tag-ilustracja-autorska","18":"product_tag-intencja","19":"product_tag-kartka-pocztowa","20":"product_tag-kreatywne-kartki","21":"product_tag-minimalistyczny-design","22":"product_tag-pocztowka","23":"product_tag-polska-grafika","24":"product_tag-polski-design","25":"product_tag-prezent-z-przeslaniem","26":"product_tag-typografia","27":"product_tag-zyczliwosc","28":"product_shipping_class-koperta-grafika-20-x-25-cm","30":"first","31":"instock","32":"taxable","33":"shipping-taxable","34":"purchasable","35":"product-type-simple"},"jetpack_sharing_enabled":true,"_links":{"self":[{"href":"https:\/\/dobrewrece.pl\/index.php\/wp-json\/wp\/v2\/product\/37","targetHints":{"allow":["GET"]}}],"collection":[{"href":"https:\/\/dobrewrece.pl\/index.php\/wp-json\/wp\/v2\/product"}],"about":[{"href":"https:\/\/dobrewrece.pl\/index.php\/wp-json\/wp\/v2\/types\/product"}],"wp:featuredmedia":[{"embeddable":true,"href":"https:\/\/dobrewrece.pl\/index.php\/wp-json\/wp\/v2\/media\/42"}],"wp:attachment":[{"href":"https:\/\/dobrewrece.pl\/index.php\/wp-json\/wp\/v2\/media?parent=37"}],"wp:term":[{"taxonomy":"product_brand","embeddable":true,"href":"https:\/\/dobrewrece.pl\/index.php\/wp-json\/wp\/v2\/product_brand?post=37"},{"taxonomy":"product_cat","embeddable":true,"href":"https:\/\/dobrewrece.pl\/index.php\/wp-json\/wp\/v2\/product_cat?post=37"},{"taxonomy":"product_tag","embeddable":true,"href":"https:\/\/dobrewrece.pl\/index.php\/wp-json\/wp\/v2\/product_tag?post=37"}],"curies":[{"name":"wp","href":"https:\/\/api.w.org\/{rel}","templated":true}]}}