{"id":216,"date":"2024-09-10T12:52:11","date_gmt":"2024-09-10T10:52:11","guid":{"rendered":"https:\/\/serwer1869331.home.pl\/autoinstalator\/wordpresswoocommerce\/?post_type=product&#038;p=216"},"modified":"2024-09-12T17:06:12","modified_gmt":"2024-09-12T15:06:12","slug":"dobrze-obraz-na-plotnie","status":"publish","type":"product","link":"https:\/\/dobrewrece.pl\/index.php\/produkt\/dobrze-obraz-na-plotnie\/","title":{"rendered":"\u201eDobrze\u201d \u2013 grafika na p\u0142\u00f3tnie"},"content":{"rendered":"<h4 dir=\"auto\">Grafika drukowana na p\u0142\u00f3tnie \u201eDobrze\u201d to subtelna, a zarazem mocna deklaracja \u017cyczliwo\u015bci i wdzi\u0119czno\u015bci. Przypomina o tym, co naprawd\u0119 jest wa\u017cne w \u017cyciu. Ten typograficzny akcent wprowadzi do Twojego otoczenia ciep\u0142\u0105 i pozytywn\u0105 energi\u0119, bez zb\u0119dnej presji na perfekcj\u0119. \u201eDobrze\u201d to s\u0142owo, kt\u00f3re celebruje codzienno\u015b\u0107, zach\u0119caj\u0105c do zatrzymania si\u0119 i docenienia ma\u0142ych chwil. Umie\u015b\u0107 ten obraz w widocznym miejscu, aby codziennie wprawia\u0142 Ci\u0119 w dobry nastr\u00f3j lub podaruj go bliskiej osobie jako wyraz troski i wsparcia.<\/h4>\n<p><img loading=\"lazy\" decoding=\"async\" class=\"aligncenter wp-image-286 size-full\" src=\"http:\/\/serwer1869331.home.pl\/autoinstalator\/wordpresswoocommerce\/wp-content\/uploads\/2024\/09\/02.-Dobrze-plotno_logo.jpg\" alt=\"\" width=\"1022\" height=\"1022\" srcset=\"https:\/\/dobrewrece.pl\/wp-content\/uploads\/2024\/09\/02.-Dobrze-plotno_logo.jpg 1022w, https:\/\/dobrewrece.pl\/wp-content\/uploads\/2024\/09\/02.-Dobrze-plotno_logo-300x300.jpg 300w, https:\/\/dobrewrece.pl\/wp-content\/uploads\/2024\/09\/02.-Dobrze-plotno_logo-150x150.jpg 150w, https:\/\/dobrewrece.pl\/wp-content\/uploads\/2024\/09\/02.-Dobrze-plotno_logo-768x768.jpg 768w, https:\/\/dobrewrece.pl\/wp-content\/uploads\/2024\/09\/02.-Dobrze-plotno_logo-920x920.jpg 920w, https:\/\/dobrewrece.pl\/wp-content\/uploads\/2024\/09\/02.-Dobrze-plotno_logo-575x575.jpg 575w, https:\/\/dobrewrece.pl\/wp-content\/uploads\/2024\/09\/02.-Dobrze-plotno_logo-380x380.jpg 380w, https:\/\/dobrewrece.pl\/wp-content\/uploads\/2024\/09\/02.-Dobrze-plotno_logo-420x420.jpg 420w, https:\/\/dobrewrece.pl\/wp-content\/uploads\/2024\/09\/02.-Dobrze-plotno_logo-800x800.jpg 800w, https:\/\/dobrewrece.pl\/wp-content\/uploads\/2024\/09\/02.-Dobrze-plotno_logo-100x100.jpg 100w\" sizes=\"auto, (max-width: 1022px) 100vw, 1022px\" \/><\/p>\n<p>Obraz jest drukowany w lokalnej, rodzinnej drukarni ju\u017c po Twoim zam\u00f3wieniu. Dzi\u0119ki temu masz pewno\u015b\u0107, \u017ce praca, kt\u00f3r\u0105 otrzymasz, b\u0119dzie jeszcze pachnia\u0142a drukiem \ud83d\ude42<\/p>\n<p>Obraz jest napi\u0119ty na blejtram\u0119 (grubo\u015b\u0107 2 cm), gotowy do powieszenia. Obraz nie posiada dodatkowej zawieszki \u2013 wieszamy go bezpo\u015brednio za blejtram\u0119, poniewa\u017c tak zamontowany b\u0119dzie \u0142adnie przylega\u0107 do \u015bciany.<\/p>\n<p>Druk pigmentowy (najwy\u017cszej jako\u015bci, bezzapachowy i bezpieczny). Obrazy maj\u0105 g\u0142adkie przej\u015bcia tonalne, s\u0105 wodoodporne i nie blank\u0105 pod wp\u0142ywem promieni UV. Zachowaj\u0105 jako\u015b\u0107 i kolory przez lata. Obrazy drukowane s\u0105 na naturalnym, matowym, <strong>bawe\u0142nianym p\u0142\u00f3tnie PREMIUM 360g (100% bawe\u0142na <\/strong>\u2013 <strong>to nie poliester!<\/strong>). Zadruk obejmuje r\u00f3wnie\u017c boki obrazu.<\/p>\n<p>Czas realizacji zam\u00f3wienia: do 5 dni roboczych.<\/p>\n<p>&nbsp;<\/p>\n<p>&nbsp;<\/p>\n<p>&nbsp;<\/p>\n<p>&nbsp;<\/p>\n<p>&nbsp;<\/p>\n","protected":false},"excerpt":{"rendered":"<p>Grafika drukowana na p\u0142\u00f3tnie \u201eDobrze\u201d to subtelna, a zarazem mocna deklaracja \u017cyczliwo\u015bci i wdzi\u0119czno\u015bci. Przypomina o tym, co naprawd\u0119 jest wa\u017cne w \u017cyciu. Ten typograficzny akcent wprowadzi do Twojego otoczenia [&hellip;]<\/p>\n","protected":false},"featured_media":285,"template":"","meta":[],"product_brand":[],"product_cat":[46,17,61,21],"product_tag":[25,34,22,38,33,63,27,37,23,53,57,31,65,62,64,36,35,52,32,56,26,24],"class_list":{"0":"post-216","1":"product","2":"type-product","3":"status-publish","4":"has-post-thumbnail","6":"product_cat-dobrze","7":"product_cat-grafiki-i-plakaty-dobre-slowa","8":"product_cat-obraz-na-plotnie","9":"product_cat-wszystkie-produkty","10":"product_tag-autorska-grafika","11":"product_tag-dekoracja-wnetrz","12":"product_tag-dobrze","13":"product_tag-grafika-artystyczna","14":"product_tag-grafika-motywacyjna","15":"product_tag-grafika-na-plotnie","16":"product_tag-grafika-typograficzna","17":"product_tag-ilustracja-autorska","18":"product_tag-intencja","19":"product_tag-kreatywne-grafiki","20":"product_tag-love","21":"product_tag-minimalistyczny-design","22":"product_tag-obraz-motywacyjny","23":"product_tag-obraz-na-plotnie","24":"product_tag-obraz-typograficzny","25":"product_tag-polska-grafika","26":"product_tag-polski-design","27":"product_tag-polski-plakat","28":"product_tag-prezent-z-przeslaniem","29":"product_tag-produkty-dla-domu","30":"product_tag-typografia","31":"product_tag-zyczliwosc","33":"first","34":"instock","35":"taxable","36":"shipping-taxable","37":"purchasable","38":"product-type-variable"},"jetpack_sharing_enabled":true,"_links":{"self":[{"href":"https:\/\/dobrewrece.pl\/index.php\/wp-json\/wp\/v2\/product\/216","targetHints":{"allow":["GET"]}}],"collection":[{"href":"https:\/\/dobrewrece.pl\/index.php\/wp-json\/wp\/v2\/product"}],"about":[{"href":"https:\/\/dobrewrece.pl\/index.php\/wp-json\/wp\/v2\/types\/product"}],"wp:featuredmedia":[{"embeddable":true,"href":"https:\/\/dobrewrece.pl\/index.php\/wp-json\/wp\/v2\/media\/285"}],"wp:attachment":[{"href":"https:\/\/dobrewrece.pl\/index.php\/wp-json\/wp\/v2\/media?parent=216"}],"wp:term":[{"taxonomy":"product_brand","embeddable":true,"href":"https:\/\/dobrewrece.pl\/index.php\/wp-json\/wp\/v2\/product_brand?post=216"},{"taxonomy":"product_cat","embeddable":true,"href":"https:\/\/dobrewrece.pl\/index.php\/wp-json\/wp\/v2\/product_cat?post=216"},{"taxonomy":"product_tag","embeddable":true,"href":"https:\/\/dobrewrece.pl\/index.php\/wp-json\/wp\/v2\/product_tag?post=216"}],"curies":[{"name":"wp","href":"https:\/\/api.w.org\/{rel}","templated":true}]}}