{"id":208,"date":"2024-09-10T11:23:58","date_gmt":"2024-09-10T09:23:58","guid":{"rendered":"https:\/\/serwer1869331.home.pl\/autoinstalator\/wordpresswoocommerce\/?post_type=product&#038;p=208"},"modified":"2024-09-12T14:36:50","modified_gmt":"2024-09-12T12:36:50","slug":"milosc-obraz-na-plotnie","status":"publish","type":"product","link":"https:\/\/dobrewrece.pl\/index.php\/produkt\/milosc-obraz-na-plotnie\/","title":{"rendered":"\u201eMi\u0142o\u015b\u0107\u201d \u2013 grafika na p\u0142\u00f3tnie"},"content":{"rendered":"<h4 dir=\"auto\">\u201eMi\u0142o\u015b\u0107\u201d, grafika drukowana na p\u0142\u00f3tnie, to subtelne, ale pot\u0119\u017cne przypomnienie o jednej z najwa\u017cniejszych warto\u015bci w \u017cyciu. Niezale\u017cnie od tego, czy jest intensywna i nami\u0119tna, \u0142agodna i czu\u0142a, przyjacielska, rodzicielska, platoniczna czy odwzajemniona \u2013 mi\u0142o\u015b\u0107 jest uniwersalnym uczuciem, kt\u00f3re powinno towarzyszy\u0107 ka\u017cdemu z nas. Ta typograficzna kompozycja emanuje pozytywn\u0105 energi\u0105, zach\u0119caj\u0105c do celebrowania mi\u0142o\u015bci w ka\u017cdej jej formie. Umie\u015b\u0107 j\u0105 w widocznym miejscu, aby codziennie przypomina\u0142a Ci o sile i pi\u0119knie mi\u0142o\u015bci, lub podaruj j\u0105 bliskiej osobie, wyra\u017caj\u0105c w ten spos\u00f3b swoj\u0105 trosk\u0119 i uczucie.<\/h4>\n<p><img loading=\"lazy\" decoding=\"async\" class=\"aligncenter wp-image-291 size-full\" src=\"http:\/\/serwer1869331.home.pl\/autoinstalator\/wordpresswoocommerce\/wp-content\/uploads\/2024\/09\/04.-Milosc-czarne-plotno-LOGO.jpg\" alt=\"\" width=\"1022\" height=\"1022\" srcset=\"https:\/\/dobrewrece.pl\/wp-content\/uploads\/2024\/09\/04.-Milosc-czarne-plotno-LOGO.jpg 1022w, https:\/\/dobrewrece.pl\/wp-content\/uploads\/2024\/09\/04.-Milosc-czarne-plotno-LOGO-300x300.jpg 300w, https:\/\/dobrewrece.pl\/wp-content\/uploads\/2024\/09\/04.-Milosc-czarne-plotno-LOGO-150x150.jpg 150w, https:\/\/dobrewrece.pl\/wp-content\/uploads\/2024\/09\/04.-Milosc-czarne-plotno-LOGO-768x768.jpg 768w, https:\/\/dobrewrece.pl\/wp-content\/uploads\/2024\/09\/04.-Milosc-czarne-plotno-LOGO-920x920.jpg 920w, https:\/\/dobrewrece.pl\/wp-content\/uploads\/2024\/09\/04.-Milosc-czarne-plotno-LOGO-575x575.jpg 575w, https:\/\/dobrewrece.pl\/wp-content\/uploads\/2024\/09\/04.-Milosc-czarne-plotno-LOGO-380x380.jpg 380w, https:\/\/dobrewrece.pl\/wp-content\/uploads\/2024\/09\/04.-Milosc-czarne-plotno-LOGO-420x420.jpg 420w, https:\/\/dobrewrece.pl\/wp-content\/uploads\/2024\/09\/04.-Milosc-czarne-plotno-LOGO-800x800.jpg 800w, https:\/\/dobrewrece.pl\/wp-content\/uploads\/2024\/09\/04.-Milosc-czarne-plotno-LOGO-100x100.jpg 100w\" sizes=\"auto, (max-width: 1022px) 100vw, 1022px\" \/><\/p>\n<p>Obraz jest drukowany w lokalnej, rodzinnej drukarni ju\u017c po Twoim zam\u00f3wieniu. Dzi\u0119ki temu masz pewno\u015b\u0107, \u017ce praca, kt\u00f3r\u0105 otrzymasz, b\u0119dzie jeszcze pachnia\u0142a drukiem \ud83d\ude42<\/p>\n<p>Obraz jest napi\u0119ty na blejtram\u0119 (grubo\u015b\u0107 2 cm), gotowy do powieszenia. Obraz nie posiada dodatkowej zawieszki \u2013 wieszamy go bezpo\u015brednio za blejtram\u0119, poniewa\u017c tak zamontowany b\u0119dzie \u0142adnie przylega\u0107 do \u015bciany.<\/p>\n<p>Druk pigmentowy (najwy\u017cszej jako\u015bci, bezzapachowy i bezpieczny). Obrazy maj\u0105 g\u0142adkie przej\u015bcia tonalne, s\u0105 wodoodporne i nie blank\u0105 pod wp\u0142ywem promieni UV. Zachowaj\u0105 jako\u015b\u0107 i kolory przez lata. Obrazy drukowane s\u0105 na naturalnym, matowym, <strong>bawe\u0142nianym p\u0142\u00f3tnie PREMIUM 360g (100% bawe\u0142na <\/strong>\u2013 <strong>to nie poliester!<\/strong>). Zadruk obejmuje r\u00f3wnie\u017c boki obrazu.<\/p>\n<p>Czas realizacji zam\u00f3wienia: do 5 dni roboczych.<\/p>\n<p>&nbsp;<\/p>\n<p><img loading=\"lazy\" decoding=\"async\" class=\"aligncenter wp-image-290 size-full\" src=\"http:\/\/serwer1869331.home.pl\/autoinstalator\/wordpresswoocommerce\/wp-content\/uploads\/2024\/09\/03.-Milosc-czerwone-plotno-LOGO.jpg\" alt=\"\" width=\"1022\" height=\"1022\" srcset=\"https:\/\/dobrewrece.pl\/wp-content\/uploads\/2024\/09\/03.-Milosc-czerwone-plotno-LOGO.jpg 1022w, https:\/\/dobrewrece.pl\/wp-content\/uploads\/2024\/09\/03.-Milosc-czerwone-plotno-LOGO-300x300.jpg 300w, https:\/\/dobrewrece.pl\/wp-content\/uploads\/2024\/09\/03.-Milosc-czerwone-plotno-LOGO-150x150.jpg 150w, https:\/\/dobrewrece.pl\/wp-content\/uploads\/2024\/09\/03.-Milosc-czerwone-plotno-LOGO-768x768.jpg 768w, https:\/\/dobrewrece.pl\/wp-content\/uploads\/2024\/09\/03.-Milosc-czerwone-plotno-LOGO-920x920.jpg 920w, https:\/\/dobrewrece.pl\/wp-content\/uploads\/2024\/09\/03.-Milosc-czerwone-plotno-LOGO-575x575.jpg 575w, https:\/\/dobrewrece.pl\/wp-content\/uploads\/2024\/09\/03.-Milosc-czerwone-plotno-LOGO-380x380.jpg 380w, https:\/\/dobrewrece.pl\/wp-content\/uploads\/2024\/09\/03.-Milosc-czerwone-plotno-LOGO-420x420.jpg 420w, https:\/\/dobrewrece.pl\/wp-content\/uploads\/2024\/09\/03.-Milosc-czerwone-plotno-LOGO-800x800.jpg 800w, https:\/\/dobrewrece.pl\/wp-content\/uploads\/2024\/09\/03.-Milosc-czerwone-plotno-LOGO-100x100.jpg 100w\" sizes=\"auto, (max-width: 1022px) 100vw, 1022px\" \/><\/p>\n<p>&nbsp;<\/p>\n<p>&nbsp;<\/p>\n<p>&nbsp;<\/p>\n","protected":false},"excerpt":{"rendered":"<p>\u201eMi\u0142o\u015b\u0107\u201d, grafika drukowana na p\u0142\u00f3tnie, to subtelne, ale pot\u0119\u017cne przypomnienie o jednej z najwa\u017cniejszych warto\u015bci w \u017cyciu. Niezale\u017cnie od tego, czy jest intensywna i nami\u0119tna, \u0142agodna i czu\u0142a, przyjacielska, rodzicielska, [&hellip;]<\/p>\n","protected":false},"featured_media":288,"template":"","meta":[],"product_brand":[],"product_cat":[17,61,42,21],"product_tag":[25,34,38,33,63,27,37,23,53,57,43,31,62,51,55,54,36,35,52,32,56,26,24],"class_list":{"0":"post-208","1":"product","2":"type-product","3":"status-publish","4":"has-post-thumbnail","6":"product_cat-grafiki-i-plakaty-dobre-slowa","7":"product_cat-obraz-na-plotnie","8":"product_cat-milosc","9":"product_cat-wszystkie-produkty","10":"product_tag-autorska-grafika","11":"product_tag-dekoracja-wnetrz","12":"product_tag-grafika-artystyczna","13":"product_tag-grafika-motywacyjna","14":"product_tag-grafika-na-plotnie","15":"product_tag-grafika-typograficzna","16":"product_tag-ilustracja-autorska","17":"product_tag-intencja","18":"product_tag-kreatywne-grafiki","19":"product_tag-love","20":"product_tag-milosc","21":"product_tag-minimalistyczny-design","22":"product_tag-obraz-na-plotnie","23":"product_tag-plakat","24":"product_tag-plakat-motywacyjny","25":"product_tag-plakat-typograficzny","26":"product_tag-polska-grafika","27":"product_tag-polski-design","28":"product_tag-polski-plakat","29":"product_tag-prezent-z-przeslaniem","30":"product_tag-produkty-dla-domu","31":"product_tag-typografia","32":"product_tag-zyczliwosc","34":"first","35":"instock","36":"taxable","37":"shipping-taxable","38":"purchasable","39":"product-type-variable"},"jetpack_sharing_enabled":true,"_links":{"self":[{"href":"https:\/\/dobrewrece.pl\/index.php\/wp-json\/wp\/v2\/product\/208","targetHints":{"allow":["GET"]}}],"collection":[{"href":"https:\/\/dobrewrece.pl\/index.php\/wp-json\/wp\/v2\/product"}],"about":[{"href":"https:\/\/dobrewrece.pl\/index.php\/wp-json\/wp\/v2\/types\/product"}],"wp:featuredmedia":[{"embeddable":true,"href":"https:\/\/dobrewrece.pl\/index.php\/wp-json\/wp\/v2\/media\/288"}],"wp:attachment":[{"href":"https:\/\/dobrewrece.pl\/index.php\/wp-json\/wp\/v2\/media?parent=208"}],"wp:term":[{"taxonomy":"product_brand","embeddable":true,"href":"https:\/\/dobrewrece.pl\/index.php\/wp-json\/wp\/v2\/product_brand?post=208"},{"taxonomy":"product_cat","embeddable":true,"href":"https:\/\/dobrewrece.pl\/index.php\/wp-json\/wp\/v2\/product_cat?post=208"},{"taxonomy":"product_tag","embeddable":true,"href":"https:\/\/dobrewrece.pl\/index.php\/wp-json\/wp\/v2\/product_tag?post=208"}],"curies":[{"name":"wp","href":"https:\/\/api.w.org\/{rel}","templated":true}]}}