{"id":128,"date":"2024-09-06T00:22:45","date_gmt":"2024-09-05T22:22:45","guid":{"rendered":"https:\/\/serwer1869331.home.pl\/autoinstalator\/wordpresswoocommerce\/?post_type=product&#038;p=128"},"modified":"2024-09-12T14:27:39","modified_gmt":"2024-09-12T12:27:39","slug":"braterstwo-plakat-typograficzny","status":"publish","type":"product","link":"https:\/\/dobrewrece.pl\/index.php\/produkt\/braterstwo-plakat-typograficzny\/","title":{"rendered":"\u201eBraterstwo\u201d \u2013 plakat typograficzny"},"content":{"rendered":"<h4 dir=\"auto\">Plakat \u201eBraterstwo\u201d to wyraz \u017cyczliwo\u015bci, kt\u00f3ry przypomina o kluczowych warto\u015bciach w \u017cyciu, takich jak przyja\u017a\u0144, blisko\u015b\u0107, jedno\u015b\u0107 i solidarno\u015b\u0107. Te warto\u015bci, zakorzenione w przyja\u017ani i szacunku, tworz\u0105 fundamenty silnych relacji mi\u0119dzyludzkich. Zapro\u015b je do swojego codziennego otoczenia, umieszczaj\u0105c ten plakat w widocznym miejscu, by na co dzie\u0144 inspirowa\u0142 do piel\u0119gnowania wi\u0119zi. Mo\u017cesz r\u00f3wnie\u017c podarowa\u0107 go bliskiej osobie, by wyrazi\u0107 swoje wsparcie i trosk\u0119, przypominaj\u0105c o sile wsp\u00f3lnoty i jedno\u015bci.<\/h4>\n<p>Plakat jest drukowany w lokalnej, rodzinnej drukarni ju\u017c po Twoim zam\u00f3wieniu. Dzi\u0119ki temu masz pewno\u015b\u0107, \u017ce praca, kt\u00f3r\u0105 otrzymasz, b\u0119dzie jeszcze pachnia\u0142a drukiem \ud83d\ude42<\/p>\n<p>Plakat sprzedawany jest bez ramki.<\/p>\n<p>Technika druku: Plakaty w rozmiarze Ma\u0142y i \u015aredni: druk laserowy, papier kredowy 170 g. Plakaty w rozmiarze Du\u017cym: druk na matowym papierze powlekanym o wymiarach 50&#215;70 cm i gramaturze 180 g.<\/p>\n<p>&nbsp;<\/p>\n<p><img loading=\"lazy\" decoding=\"async\" class=\"aligncenter wp-image-133 size-full\" src=\"http:\/\/serwer1869331.home.pl\/autoinstalator\/wordpresswoocommerce\/wp-content\/uploads\/2024\/09\/13.-BRATERSTWO-plakat-logo.jpg\" alt=\"\" width=\"1022\" height=\"1022\" srcset=\"https:\/\/dobrewrece.pl\/wp-content\/uploads\/2024\/09\/13.-BRATERSTWO-plakat-logo.jpg 1022w, https:\/\/dobrewrece.pl\/wp-content\/uploads\/2024\/09\/13.-BRATERSTWO-plakat-logo-420x420.jpg 420w, https:\/\/dobrewrece.pl\/wp-content\/uploads\/2024\/09\/13.-BRATERSTWO-plakat-logo-100x100.jpg 100w, https:\/\/dobrewrece.pl\/wp-content\/uploads\/2024\/09\/13.-BRATERSTWO-plakat-logo-800x800.jpg 800w, https:\/\/dobrewrece.pl\/wp-content\/uploads\/2024\/09\/13.-BRATERSTWO-plakat-logo-300x300.jpg 300w, https:\/\/dobrewrece.pl\/wp-content\/uploads\/2024\/09\/13.-BRATERSTWO-plakat-logo-150x150.jpg 150w, https:\/\/dobrewrece.pl\/wp-content\/uploads\/2024\/09\/13.-BRATERSTWO-plakat-logo-768x768.jpg 768w, https:\/\/dobrewrece.pl\/wp-content\/uploads\/2024\/09\/13.-BRATERSTWO-plakat-logo-920x920.jpg 920w, https:\/\/dobrewrece.pl\/wp-content\/uploads\/2024\/09\/13.-BRATERSTWO-plakat-logo-575x575.jpg 575w, https:\/\/dobrewrece.pl\/wp-content\/uploads\/2024\/09\/13.-BRATERSTWO-plakat-logo-380x380.jpg 380w\" sizes=\"auto, (max-width: 1022px) 100vw, 1022px\" \/><\/p>\n<p>&nbsp;<\/p>\n<p><img loading=\"lazy\" decoding=\"async\" class=\"aligncenter wp-image-134 size-full\" src=\"http:\/\/serwer1869331.home.pl\/autoinstalator\/wordpresswoocommerce\/wp-content\/uploads\/2024\/09\/15.-BRATERSTWO-plakat-logo.jpg\" alt=\"\" width=\"1022\" height=\"1022\" srcset=\"https:\/\/dobrewrece.pl\/wp-content\/uploads\/2024\/09\/15.-BRATERSTWO-plakat-logo.jpg 1022w, https:\/\/dobrewrece.pl\/wp-content\/uploads\/2024\/09\/15.-BRATERSTWO-plakat-logo-420x420.jpg 420w, https:\/\/dobrewrece.pl\/wp-content\/uploads\/2024\/09\/15.-BRATERSTWO-plakat-logo-100x100.jpg 100w, https:\/\/dobrewrece.pl\/wp-content\/uploads\/2024\/09\/15.-BRATERSTWO-plakat-logo-800x800.jpg 800w, https:\/\/dobrewrece.pl\/wp-content\/uploads\/2024\/09\/15.-BRATERSTWO-plakat-logo-300x300.jpg 300w, https:\/\/dobrewrece.pl\/wp-content\/uploads\/2024\/09\/15.-BRATERSTWO-plakat-logo-150x150.jpg 150w, https:\/\/dobrewrece.pl\/wp-content\/uploads\/2024\/09\/15.-BRATERSTWO-plakat-logo-768x768.jpg 768w, https:\/\/dobrewrece.pl\/wp-content\/uploads\/2024\/09\/15.-BRATERSTWO-plakat-logo-920x920.jpg 920w, https:\/\/dobrewrece.pl\/wp-content\/uploads\/2024\/09\/15.-BRATERSTWO-plakat-logo-575x575.jpg 575w, https:\/\/dobrewrece.pl\/wp-content\/uploads\/2024\/09\/15.-BRATERSTWO-plakat-logo-380x380.jpg 380w\" sizes=\"auto, (max-width: 1022px) 100vw, 1022px\" \/><\/p>\n","protected":false},"excerpt":{"rendered":"<p>Plakat \u201eBraterstwo\u201d to wyraz \u017cyczliwo\u015bci, kt\u00f3ry przypomina o kluczowych warto\u015bciach w \u017cyciu, takich jak przyja\u017a\u0144, blisko\u015b\u0107, jedno\u015b\u0107 i solidarno\u015b\u0107. Te warto\u015bci, zakorzenione w przyja\u017ani i szacunku, tworz\u0105 fundamenty silnych relacji [&hellip;]<\/p>\n","protected":false},"featured_media":132,"template":"","meta":[],"product_brand":[],"product_cat":[49,17,20,21],"product_tag":[25,50,34,38,33,27,37,23,53,31,51,55,54,36,35,52,32,56,26,24],"class_list":{"0":"post-128","1":"product","2":"type-product","3":"status-publish","4":"has-post-thumbnail","6":"product_cat-braterstwo","7":"product_cat-grafiki-i-plakaty-dobre-slowa","8":"product_cat-plakaty","9":"product_cat-wszystkie-produkty","10":"product_tag-autorska-grafika","11":"product_tag-braterstwo","12":"product_tag-dekoracja-wnetrz","13":"product_tag-grafika-artystyczna","14":"product_tag-grafika-motywacyjna","15":"product_tag-grafika-typograficzna","16":"product_tag-ilustracja-autorska","17":"product_tag-intencja","18":"product_tag-kreatywne-grafiki","19":"product_tag-minimalistyczny-design","20":"product_tag-plakat","21":"product_tag-plakat-motywacyjny","22":"product_tag-plakat-typograficzny","23":"product_tag-polska-grafika","24":"product_tag-polski-design","25":"product_tag-polski-plakat","26":"product_tag-prezent-z-przeslaniem","27":"product_tag-produkty-dla-domu","28":"product_tag-typografia","29":"product_tag-zyczliwosc","31":"first","32":"instock","33":"taxable","34":"shipping-taxable","35":"purchasable","36":"product-type-variable"},"jetpack_sharing_enabled":true,"_links":{"self":[{"href":"https:\/\/dobrewrece.pl\/index.php\/wp-json\/wp\/v2\/product\/128","targetHints":{"allow":["GET"]}}],"collection":[{"href":"https:\/\/dobrewrece.pl\/index.php\/wp-json\/wp\/v2\/product"}],"about":[{"href":"https:\/\/dobrewrece.pl\/index.php\/wp-json\/wp\/v2\/types\/product"}],"wp:featuredmedia":[{"embeddable":true,"href":"https:\/\/dobrewrece.pl\/index.php\/wp-json\/wp\/v2\/media\/132"}],"wp:attachment":[{"href":"https:\/\/dobrewrece.pl\/index.php\/wp-json\/wp\/v2\/media?parent=128"}],"wp:term":[{"taxonomy":"product_brand","embeddable":true,"href":"https:\/\/dobrewrece.pl\/index.php\/wp-json\/wp\/v2\/product_brand?post=128"},{"taxonomy":"product_cat","embeddable":true,"href":"https:\/\/dobrewrece.pl\/index.php\/wp-json\/wp\/v2\/product_cat?post=128"},{"taxonomy":"product_tag","embeddable":true,"href":"https:\/\/dobrewrece.pl\/index.php\/wp-json\/wp\/v2\/product_tag?post=128"}],"curies":[{"name":"wp","href":"https:\/\/api.w.org\/{rel}","templated":true}]}}