{"id":110,"date":"2024-09-06T00:21:26","date_gmt":"2024-09-05T22:21:26","guid":{"rendered":"https:\/\/serwer1869331.home.pl\/autoinstalator\/wordpresswoocommerce\/?post_type=product&#038;p=110"},"modified":"2024-09-12T14:15:03","modified_gmt":"2024-09-12T12:15:03","slug":"siostrzenstwo-plakat-typograficzny","status":"publish","type":"product","link":"https:\/\/dobrewrece.pl\/index.php\/produkt\/siostrzenstwo-plakat-typograficzny\/","title":{"rendered":"\u201eSiostrze\u0144stwo\u201d \u2013 plakat typograficzny"},"content":{"rendered":"<h4 dir=\"auto\">Plakat \u201eSiostrze\u0144stwo\u201d to wyraz wsparcia, solidarno\u015bci i wsp\u00f3lnoty \u2013 przypomnienie o tym, co naprawd\u0119 liczy si\u0119 w \u017cyciu. To nie tylko s\u0142owa, ale postawa, kt\u00f3ra objawia si\u0119 w codziennych, czasem niedostrzegalnych gestach. Wspieranie si\u0119 nawzajem i dzia\u0142anie rami\u0119 w rami\u0119 to si\u0142a, kt\u00f3ra nap\u0119dza i dodaje odwagi. Umie\u015b\u0107 ten plakat w widocznym miejscu, aby codziennie przypomina\u0142 Ci o Twojej mocy i tym, \u017ce nigdy nie jeste\u015b sama. Mo\u017cesz r\u00f3wnie\u017c podarowa\u0107 go bliskiej kobiecie, by wyrazi\u0107 swoj\u0105 solidarno\u015b\u0107 i wsparcie.<\/h4>\n<p>Plakat jest drukowany w lokalnej, rodzinnej drukarni ju\u017c po Twoim zam\u00f3wieniu. Dzi\u0119ki temu masz pewno\u015b\u0107, \u017ce praca, kt\u00f3r\u0105 otrzymasz, b\u0119dzie jeszcze pachnia\u0142a drukiem \ud83d\ude42<\/p>\n<p>Plakat sprzedawany jest bez ramki.<\/p>\n<p>Technika druku: Plakaty w rozmiarze Ma\u0142y i \u015aredni: druk laserowy, papier kredowy 170 g. Plakaty w rozmiarze Du\u017cym: druk na matowym papierze powlekanym o wymiarach 50&#215;70 cm i gramaturze 180 g.<\/p>\n<p>&nbsp;<\/p>\n<p><img loading=\"lazy\" decoding=\"async\" class=\"aligncenter wp-image-126 size-full\" src=\"http:\/\/serwer1869331.home.pl\/autoinstalator\/wordpresswoocommerce\/wp-content\/uploads\/2024\/09\/10.-SIOSTRZENSTWO-plakat-logo.jpg\" alt=\"\" width=\"1022\" height=\"1022\" srcset=\"https:\/\/dobrewrece.pl\/wp-content\/uploads\/2024\/09\/10.-SIOSTRZENSTWO-plakat-logo.jpg 1022w, https:\/\/dobrewrece.pl\/wp-content\/uploads\/2024\/09\/10.-SIOSTRZENSTWO-plakat-logo-420x420.jpg 420w, https:\/\/dobrewrece.pl\/wp-content\/uploads\/2024\/09\/10.-SIOSTRZENSTWO-plakat-logo-100x100.jpg 100w, https:\/\/dobrewrece.pl\/wp-content\/uploads\/2024\/09\/10.-SIOSTRZENSTWO-plakat-logo-800x800.jpg 800w, https:\/\/dobrewrece.pl\/wp-content\/uploads\/2024\/09\/10.-SIOSTRZENSTWO-plakat-logo-300x300.jpg 300w, https:\/\/dobrewrece.pl\/wp-content\/uploads\/2024\/09\/10.-SIOSTRZENSTWO-plakat-logo-150x150.jpg 150w, https:\/\/dobrewrece.pl\/wp-content\/uploads\/2024\/09\/10.-SIOSTRZENSTWO-plakat-logo-768x768.jpg 768w, https:\/\/dobrewrece.pl\/wp-content\/uploads\/2024\/09\/10.-SIOSTRZENSTWO-plakat-logo-920x920.jpg 920w, https:\/\/dobrewrece.pl\/wp-content\/uploads\/2024\/09\/10.-SIOSTRZENSTWO-plakat-logo-575x575.jpg 575w, https:\/\/dobrewrece.pl\/wp-content\/uploads\/2024\/09\/10.-SIOSTRZENSTWO-plakat-logo-380x380.jpg 380w\" sizes=\"auto, (max-width: 1022px) 100vw, 1022px\" \/><\/p>\n<p>&nbsp;<\/p>\n<p><img loading=\"lazy\" decoding=\"async\" class=\"aligncenter wp-image-127 size-full\" src=\"http:\/\/serwer1869331.home.pl\/autoinstalator\/wordpresswoocommerce\/wp-content\/uploads\/2024\/09\/12.-SIOSTRZENSTWO-plakat-logo.jpg\" alt=\"\" width=\"1022\" height=\"1022\" srcset=\"https:\/\/dobrewrece.pl\/wp-content\/uploads\/2024\/09\/12.-SIOSTRZENSTWO-plakat-logo.jpg 1022w, https:\/\/dobrewrece.pl\/wp-content\/uploads\/2024\/09\/12.-SIOSTRZENSTWO-plakat-logo-420x420.jpg 420w, https:\/\/dobrewrece.pl\/wp-content\/uploads\/2024\/09\/12.-SIOSTRZENSTWO-plakat-logo-100x100.jpg 100w, https:\/\/dobrewrece.pl\/wp-content\/uploads\/2024\/09\/12.-SIOSTRZENSTWO-plakat-logo-800x800.jpg 800w, https:\/\/dobrewrece.pl\/wp-content\/uploads\/2024\/09\/12.-SIOSTRZENSTWO-plakat-logo-300x300.jpg 300w, https:\/\/dobrewrece.pl\/wp-content\/uploads\/2024\/09\/12.-SIOSTRZENSTWO-plakat-logo-150x150.jpg 150w, https:\/\/dobrewrece.pl\/wp-content\/uploads\/2024\/09\/12.-SIOSTRZENSTWO-plakat-logo-768x768.jpg 768w, https:\/\/dobrewrece.pl\/wp-content\/uploads\/2024\/09\/12.-SIOSTRZENSTWO-plakat-logo-920x920.jpg 920w, https:\/\/dobrewrece.pl\/wp-content\/uploads\/2024\/09\/12.-SIOSTRZENSTWO-plakat-logo-575x575.jpg 575w, https:\/\/dobrewrece.pl\/wp-content\/uploads\/2024\/09\/12.-SIOSTRZENSTWO-plakat-logo-380x380.jpg 380w\" sizes=\"auto, (max-width: 1022px) 100vw, 1022px\" \/><\/p>\n","protected":false},"excerpt":{"rendered":"<p>Plakat \u201eSiostrze\u0144stwo\u201d to wyraz wsparcia, solidarno\u015bci i wsp\u00f3lnoty \u2013 przypomnienie o tym, co naprawd\u0119 liczy si\u0119 w \u017cyciu. To nie tylko s\u0142owa, ale postawa, kt\u00f3ra objawia si\u0119 w codziennych, czasem [&hellip;]<\/p>\n","protected":false},"featured_media":125,"template":"","meta":[],"product_brand":[],"product_cat":[17,20,47,21],"product_tag":[25,34,38,33,27,37,23,53,31,51,55,54,36,35,52,32,56,48,26,24],"class_list":{"0":"post-110","1":"product","2":"type-product","3":"status-publish","4":"has-post-thumbnail","6":"product_cat-grafiki-i-plakaty-dobre-slowa","7":"product_cat-plakaty","8":"product_cat-siostrzenstwo","9":"product_cat-wszystkie-produkty","10":"product_tag-autorska-grafika","11":"product_tag-dekoracja-wnetrz","12":"product_tag-grafika-artystyczna","13":"product_tag-grafika-motywacyjna","14":"product_tag-grafika-typograficzna","15":"product_tag-ilustracja-autorska","16":"product_tag-intencja","17":"product_tag-kreatywne-grafiki","18":"product_tag-minimalistyczny-design","19":"product_tag-plakat","20":"product_tag-plakat-motywacyjny","21":"product_tag-plakat-typograficzny","22":"product_tag-polska-grafika","23":"product_tag-polski-design","24":"product_tag-polski-plakat","25":"product_tag-prezent-z-przeslaniem","26":"product_tag-produkty-dla-domu","27":"product_tag-siostrzenstwo","28":"product_tag-typografia","29":"product_tag-zyczliwosc","31":"first","32":"instock","33":"taxable","34":"shipping-taxable","35":"purchasable","36":"product-type-variable"},"jetpack_sharing_enabled":true,"_links":{"self":[{"href":"https:\/\/dobrewrece.pl\/index.php\/wp-json\/wp\/v2\/product\/110","targetHints":{"allow":["GET"]}}],"collection":[{"href":"https:\/\/dobrewrece.pl\/index.php\/wp-json\/wp\/v2\/product"}],"about":[{"href":"https:\/\/dobrewrece.pl\/index.php\/wp-json\/wp\/v2\/types\/product"}],"wp:featuredmedia":[{"embeddable":true,"href":"https:\/\/dobrewrece.pl\/index.php\/wp-json\/wp\/v2\/media\/125"}],"wp:attachment":[{"href":"https:\/\/dobrewrece.pl\/index.php\/wp-json\/wp\/v2\/media?parent=110"}],"wp:term":[{"taxonomy":"product_brand","embeddable":true,"href":"https:\/\/dobrewrece.pl\/index.php\/wp-json\/wp\/v2\/product_brand?post=110"},{"taxonomy":"product_cat","embeddable":true,"href":"https:\/\/dobrewrece.pl\/index.php\/wp-json\/wp\/v2\/product_cat?post=110"},{"taxonomy":"product_tag","embeddable":true,"href":"https:\/\/dobrewrece.pl\/index.php\/wp-json\/wp\/v2\/product_tag?post=110"}],"curies":[{"name":"wp","href":"https:\/\/api.w.org\/{rel}","templated":true}]}}